{"id":455,"date":"2024-12-21T16:34:17","date_gmt":"2024-12-21T15:34:17","guid":{"rendered":"https:\/\/www.sodaj.fr\/wordpress\/?page_id=455"},"modified":"2024-12-21T16:34:48","modified_gmt":"2024-12-21T15:34:48","slug":"455-2","status":"publish","type":"page","link":"https:\/\/www.sodaj.fr\/wordpress\/455-2\/","title":{"rendered":"Agriculture"},"content":{"rendered":"\n[et_pb_section fb_built=\u00a0\u00bb1&Prime; theme_builder_area=\u00a0\u00bbpost_content\u00a0\u00bb _builder_version=\u00a0\u00bb4.20.4&Prime; _module_preset=\u00a0\u00bbdefault\u00a0\u00bb][et_pb_row _builder_version=\u00a0\u00bb4.20.4&Prime; _module_preset=\u00a0\u00bbdefault\u00a0\u00bb theme_builder_area=\u00a0\u00bbpost_content\u00a0\u00bb][et_pb_column _builder_version=\u00a0\u00bb4.20.4&Prime; _module_preset=\u00a0\u00bbdefault\u00a0\u00bb type=\u00a0\u00bb4_4&Prime; theme_builder_area=\u00a0\u00bbpost_content\u00a0\u00bb][et_pb_accordion _builder_version=\u00a0\u00bb4.20.4&Prime; _module_preset=\u00a0\u00bbdefault\u00a0\u00bb theme_builder_area=\u00a0\u00bbpost_content\u00a0\u00bb hover_enabled=\u00a0\u00bb0&Prime; sticky_enabled=\u00a0\u00bb0&Prime;][et_pb_accordion_item title=\u00a0\u00bbPlantation du premier verger\u00a0\u00bb _builder_version=\u00a0\u00bb4.20.4&Prime; _module_preset=\u00a0\u00bbdefault\u00a0\u00bb open=\u00a0\u00bbon\u00a0\u00bb theme_builder_area=\u00a0\u00bbpost_content\u00a0\u00bb link_option_url=\u00a0\u00bbhttps:\/\/www.sodaj.fr\/photo\/mo\/sharing\/8jvzi2cRP\u00a0\u00bb hover_enabled=\u00a0\u00bb0&Prime; sticky_enabled=\u00a0\u00bb0&Prime;]<p><img decoding=\"async\" loading=\"lazy\" width=\"1384\" height=\"612\" src=\"https:\/\/wiki.sodaj.fr\/download\/attachments\/65613662\/image-2024-12-8_9-18-41.png?version=1&amp;modificationDate=1733645925522&amp;api=v2\" alt=\"\" class=\"size-medium alignnone\" \/>Premi\u00e8re s\u00e9rie de plantation avec presque une trentaine d&rsquo;arbre, principalement des pommiers, mais aussi quelques poiriers et pruniers.<\/p>\n<p>On plante en quinquonce \u00e0 8m de distance.<\/p>[\/et_pb_accordion_item][et_pb_accordion_item title=\u00a0\u00bbUn site pour d\u00e9crire le verger\u00a0\u00bb _builder_version=\u00a0\u00bb4.20.4&Prime; _module_preset=\u00a0\u00bbdefault\u00a0\u00bb open=\u00a0\u00bboff\u00a0\u00bb theme_builder_area=\u00a0\u00bbpost_content\u00a0\u00bb link_option_url=\u00a0\u00bbhttps:\/\/wiki.sodaj.fr\/display\/VS\u00a0\u00bb hover_enabled=\u00a0\u00bb0&Prime; sticky_enabled=\u00a0\u00bb0&Prime;]<p>Nous cr\u00e9eons un nouveau site sur SODAJ WIKI pour partager tous les \u00e9l\u00e9ments de cette nouvelle aventure<img decoding=\"async\" loading=\"lazy\" width=\"941\" height=\"492\" src=\"https:\/\/wiki.sodaj.fr\/download\/attachments\/65613662\/image-2024-12-8_19-35-51.png?version=1&amp;modificationDate=1733682951479&amp;api=v2\" alt=\"\" class=\"size-medium alignnone\" \/><\/p>[\/et_pb_accordion_item][\/et_pb_accordion][\/et_pb_column][\/et_pb_row][\/et_pb_section]\n","protected":false},"excerpt":{"rendered":"<p>Premi\u00e8re s\u00e9rie de plantation avec presque une trentaine d&rsquo;arbre, principalement des pommiers, mais aussi quelques poiriers et pruniers. On plante en quinquonce \u00e0 8m de distance.Nous cr\u00e9eons un nouveau site sur SODAJ WIKI pour partager tous les \u00e9l\u00e9ments de cette nouvelle aventure<\/p>\n","protected":false},"author":1,"featured_media":0,"parent":0,"menu_order":0,"comment_status":"closed","ping_status":"closed","template":"","meta":{"_et_pb_use_builder":"on","_et_pb_old_content":"","_et_gb_content_width":""},"_links":{"self":[{"href":"https:\/\/www.sodaj.fr\/wordpress\/wp-json\/wp\/v2\/pages\/455"}],"collection":[{"href":"https:\/\/www.sodaj.fr\/wordpress\/wp-json\/wp\/v2\/pages"}],"about":[{"href":"https:\/\/www.sodaj.fr\/wordpress\/wp-json\/wp\/v2\/types\/page"}],"author":[{"embeddable":true,"href":"https:\/\/www.sodaj.fr\/wordpress\/wp-json\/wp\/v2\/users\/1"}],"replies":[{"embeddable":true,"href":"https:\/\/www.sodaj.fr\/wordpress\/wp-json\/wp\/v2\/comments?post=455"}],"version-history":[{"count":3,"href":"https:\/\/www.sodaj.fr\/wordpress\/wp-json\/wp\/v2\/pages\/455\/revisions"}],"predecessor-version":[{"id":462,"href":"https:\/\/www.sodaj.fr\/wordpress\/wp-json\/wp\/v2\/pages\/455\/revisions\/462"}],"wp:attachment":[{"href":"https:\/\/www.sodaj.fr\/wordpress\/wp-json\/wp\/v2\/media?parent=455"}],"curies":[{"name":"wp","href":"https:\/\/api.w.org\/{rel}","templated":true}]}}