{"id":133,"date":"2021-01-24T19:06:31","date_gmt":"2021-01-24T18:06:31","guid":{"rendered":"https:\/\/www.sodaj.fr\/wordpress\/?page_id=133"},"modified":"2021-01-31T07:09:42","modified_gmt":"2021-01-31T06:09:42","slug":"grimper","status":"publish","type":"page","link":"https:\/\/www.sodaj.fr\/wordpress\/paysage\/grimper\/","title":{"rendered":"Jardin"},"content":{"rendered":"\n[et_pb_section fb_built=\u00a0\u00bb1&Prime; _builder_version=\u00a0\u00bb4.8.1&Prime; _module_preset=\u00a0\u00bbdefault\u00a0\u00bb][et_pb_row _builder_version=\u00a0\u00bb4.8.1&Prime; _module_preset=\u00a0\u00bbdefault\u00a0\u00bb][et_pb_column type=\u00a0\u00bb4_4&Prime; _builder_version=\u00a0\u00bb4.8.1&Prime; _module_preset=\u00a0\u00bbdefault\u00a0\u00bb][et_pb_text _builder_version=\u00a0\u00bb4.8.1&Prime; _module_preset=\u00a0\u00bbdefault\u00a0\u00bb hover_enabled=\u00a0\u00bb0&Prime; sticky_enabled=\u00a0\u00bb0&Prime;]<h1>Hiver<\/h1>\n<p>Le jardin change en permanence. Ne serait- ce que sur la course de quelques heures, la lumi\u00e8re teinte et modifie ses texture, ses formes \u00e9voluent.<\/p>\n<p>Faire un jardin est donner \u00e0 manger \u00e0 une nature qui grandira ensuite comme bon lui semble. Comme un enfant, un ami, un parent, il nous le rend. On s&rsquo;associe, on s&rsquo;aide, on se fait plaisir. Un \u00e9clat par ici, une floraison.<\/p>\n[\/et_pb_text][\/et_pb_column][\/et_pb_row][et_pb_row _builder_version=\u00a0\u00bb4.8.1&Prime; _module_preset=\u00a0\u00bbdefault\u00a0\u00bb custom_margin=\u00a0\u00bb0px|0px|0px|0px|false|false\u00a0\u00bb custom_padding=\u00a0\u00bb0px|0px|0px|0px|false|false\u00a0\u00bb][et_pb_column type=\u00a0\u00bb4_4&Prime; _builder_version=\u00a0\u00bb4.8.1&Prime; _module_preset=\u00a0\u00bbdefault\u00a0\u00bb][et_pb_gallery gallery_ids=\u00a0\u00bb136,137,138,139,140,141,142,143&Prime; posts_number=\u00a0\u00bb24&Prime; show_title_and_caption=\u00a0\u00bboff\u00a0\u00bb _builder_version=\u00a0\u00bb4.8.1&Prime; _module_preset=\u00a0\u00bbdefault\u00a0\u00bb][\/et_pb_gallery][\/et_pb_column][\/et_pb_row][\/et_pb_section][et_pb_section fb_built=\u00a0\u00bb1&Prime; _builder_version=\u00a0\u00bb4.8.1&Prime; _module_preset=\u00a0\u00bbdefault\u00a0\u00bb][et_pb_row _builder_version=\u00a0\u00bb4.8.1&Prime; _module_preset=\u00a0\u00bbdefault\u00a0\u00bb][et_pb_column type=\u00a0\u00bb4_4&Prime; _builder_version=\u00a0\u00bb4.8.1&Prime; _module_preset=\u00a0\u00bbdefault\u00a0\u00bb][et_pb_image src=\u00a0\u00bbhttps:\/\/www.sodaj.fr\/wordpress\/wp-content\/uploads\/2021\/01\/SevresSousLaNeige.gif\u00a0\u00bb title_text=\u00a0\u00bbSevresSousLaNeige\u00a0\u00bb _builder_version=\u00a0\u00bb4.8.1&Prime; _module_preset=\u00a0\u00bbdefault\u00a0\u00bb][\/et_pb_image][\/et_pb_column][\/et_pb_row][\/et_pb_section]\n","protected":false},"excerpt":{"rendered":"<p>Hiver Le jardin change en permanence. Ne serait- ce que sur la course de quelques heures, la lumi\u00e8re teinte et modifie ses texture, ses formes \u00e9voluent. Faire un jardin est donner \u00e0 manger \u00e0 une nature qui grandira ensuite comme bon lui semble. Comme un enfant, un ami, un parent, il nous le rend. On [&hellip;]<\/p>\n","protected":false},"author":1,"featured_media":0,"parent":214,"menu_order":0,"comment_status":"closed","ping_status":"closed","template":"","meta":{"_et_pb_use_builder":"on","_et_pb_old_content":"","_et_gb_content_width":""},"_links":{"self":[{"href":"https:\/\/www.sodaj.fr\/wordpress\/wp-json\/wp\/v2\/pages\/133"}],"collection":[{"href":"https:\/\/www.sodaj.fr\/wordpress\/wp-json\/wp\/v2\/pages"}],"about":[{"href":"https:\/\/www.sodaj.fr\/wordpress\/wp-json\/wp\/v2\/types\/page"}],"author":[{"embeddable":true,"href":"https:\/\/www.sodaj.fr\/wordpress\/wp-json\/wp\/v2\/users\/1"}],"replies":[{"embeddable":true,"href":"https:\/\/www.sodaj.fr\/wordpress\/wp-json\/wp\/v2\/comments?post=133"}],"version-history":[{"count":9,"href":"https:\/\/www.sodaj.fr\/wordpress\/wp-json\/wp\/v2\/pages\/133\/revisions"}],"predecessor-version":[{"id":218,"href":"https:\/\/www.sodaj.fr\/wordpress\/wp-json\/wp\/v2\/pages\/133\/revisions\/218"}],"up":[{"embeddable":true,"href":"https:\/\/www.sodaj.fr\/wordpress\/wp-json\/wp\/v2\/pages\/214"}],"wp:attachment":[{"href":"https:\/\/www.sodaj.fr\/wordpress\/wp-json\/wp\/v2\/media?parent=133"}],"curies":[{"name":"wp","href":"https:\/\/api.w.org\/{rel}","templated":true}]}}